{"id":4887,"date":"2022-03-13T03:53:39","date_gmt":"2022-03-13T03:53:39","guid":{"rendered":"https:\/\/www.keylanguageservices.com\/es\/?page_id=4887"},"modified":"2025-11-29T10:49:33","modified_gmt":"2025-11-29T15:49:33","slug":"cotizar-curso-de-ingles","status":"publish","type":"page","link":"https:\/\/www.keylanguageservices.com\/es\/cotizar-curso-de-ingles\/","title":{"rendered":"Cotizar curso de ingl\u00e9s"},"content":{"rendered":"\t\t<div data-elementor-type=\"wp-page\" data-elementor-id=\"4887\" class=\"elementor elementor-4887\">\n\t\t\t\t\t\t<section class=\"elementor-section elementor-top-section elementor-element elementor-element-a442a8b elementor-section-boxed elementor-section-height-default elementor-section-height-default\" data-id=\"a442a8b\" data-element_type=\"section\" data-e-type=\"section\" data-settings=\"{&quot;jet_parallax_layout_list&quot;:[]}\">\n\t\t\t\t\t\t<div class=\"elementor-container elementor-column-gap-default\">\n\t\t\t\t\t<div class=\"elementor-column elementor-col-100 elementor-top-column elementor-element elementor-element-9f94a82\" data-id=\"9f94a82\" data-element_type=\"column\" data-e-type=\"column\">\n\t\t\t<div class=\"elementor-widget-wrap elementor-element-populated\">\n\t\t\t\t\t\t<div class=\"elementor-element elementor-element-1d5822b elementor-widget elementor-widget-image\" data-id=\"1d5822b\" data-element_type=\"widget\" data-e-type=\"widget\" data-widget_type=\"image.default\">\n\t\t\t\t<div class=\"elementor-widget-container\">\n\t\t\t\t\t\t\t\t\t\t\t\t\t\t\t<img decoding=\"async\" width=\"240\" height=\"193\" src=\"https:\/\/www.keylanguageservices.com\/es\/wp-content\/uploads\/2022\/02\/r-quote-trado.jpg\" class=\"attachment-large size-large wp-image-4245\" alt=\"\" \/>\t\t\t\t\t\t\t\t\t\t\t\t\t\t\t<\/div>\n\t\t\t\t<\/div>\n\t\t\t\t\t<\/div>\n\t\t<\/div>\n\t\t\t\t\t<\/div>\n\t\t<\/section>\n\t\t\t\t<section class=\"elementor-section elementor-top-section elementor-element elementor-element-4f9887d1 elementor-section-boxed elementor-section-height-default elementor-section-height-default\" data-id=\"4f9887d1\" data-element_type=\"section\" data-e-type=\"section\" data-settings=\"{&quot;jet_parallax_layout_list&quot;:[]}\">\n\t\t\t\t\t\t<div class=\"elementor-container elementor-column-gap-default\">\n\t\t\t\t\t<div class=\"elementor-column elementor-col-100 elementor-top-column elementor-element elementor-element-25912398\" data-id=\"25912398\" data-element_type=\"column\" data-e-type=\"column\">\n\t\t\t<div class=\"elementor-widget-wrap elementor-element-populated\">\n\t\t\t\t\t\t<div class=\"elementor-element elementor-element-69192d10 elementor-widget elementor-widget-shortcode\" data-id=\"69192d10\" data-element_type=\"widget\" data-e-type=\"widget\" data-widget_type=\"shortcode.default\">\n\t\t\t\t<div class=\"elementor-widget-container\">\n\t\t\t\t\t\t\t<div class=\"elementor-shortcode\">\n<div class=\"wpcf7 no-js\" id=\"wpcf7-f4886-o1\" lang=\"en-US\" dir=\"ltr\" data-wpcf7-id=\"4886\">\n<div class=\"screen-reader-response\"><p role=\"status\" aria-live=\"polite\" aria-atomic=\"true\"><\/p> <ul><\/ul><\/div>\n<form action=\"\/es\/wp-json\/wp\/v2\/pages\/4887#wpcf7-f4886-o1\" method=\"post\" class=\"wpcf7-form init\" aria-label=\"Contact form\" novalidate=\"novalidate\" data-status=\"init\">\n<fieldset class=\"hidden-fields-container\"><input type=\"hidden\" name=\"_wpcf7\" value=\"4886\" \/><input type=\"hidden\" name=\"_wpcf7_version\" value=\"6.1.5\" \/><input type=\"hidden\" name=\"_wpcf7_locale\" value=\"en_US\" \/><input type=\"hidden\" name=\"_wpcf7_unit_tag\" value=\"wpcf7-f4886-o1\" \/><input type=\"hidden\" name=\"_wpcf7_container_post\" value=\"0\" \/><input type=\"hidden\" name=\"_wpcf7_posted_data_hash\" value=\"\" \/><input type=\"hidden\" name=\"_wpcf7_recaptcha_response\" value=\"\" \/>\n<\/fieldset>\n<p>1.- \u00bfQu\u00e9 tipo de curso de ingl\u00e9s necesitas?<br \/>\n<span class=\"wpcf7-form-control-wrap\" data-name=\"tipocurso\"><select class=\"wpcf7-form-control wpcf7-select wpcf7-validates-as-required\" aria-required=\"true\" aria-invalid=\"false\" name=\"tipocurso\"><option value=\"\">&#8212;Please choose an option&#8212;<\/option><option value=\"Ingl\u00e9s general para empresas\">Ingl\u00e9s general para empresas<\/option><option value=\"Ingl\u00e9s general para adultos\">Ingl\u00e9s general para adultos<\/option><option value=\"Ingl\u00e9s general para adolescentes\">Ingl\u00e9s general para adolescentes<\/option><option value=\"Ingl\u00e9s para Ni\u00f1os\">Ingl\u00e9s para Ni\u00f1os<\/option><option value=\"Nivelaci\u00f3n \/ Preparaci\u00f3n para examen\">Nivelaci\u00f3n \/ Preparaci\u00f3n para examen<\/option><option value=\"Preparaci\u00f3n para Certificaci\u00f3n Cambridge Key (KET) (A2)\">Preparaci\u00f3n para Certificaci\u00f3n Cambridge Key (KET) (A2)<\/option><option value=\"Preparaci\u00f3n para Certificaci\u00f3n Cambridge First (B2)\">Preparaci\u00f3n para Certificaci\u00f3n Cambridge First (B2)<\/option><option value=\"Preparaci\u00f3n para Certificaci\u00f3n TOEFL\">Preparaci\u00f3n para Certificaci\u00f3n TOEFL<\/option><option value=\"Preparaci\u00f3n para Certificaci\u00f3n IELTS\">Preparaci\u00f3n para Certificaci\u00f3n IELTS<\/option><option value=\"Ingl\u00e9s conversacional\">Ingl\u00e9s conversacional<\/option><\/select><\/span>\n<\/p>\n<p><span class=\"wpcf7-form-control-wrap\" data-name=\"modalidad\"><span class=\"wpcf7-form-control wpcf7-radio\"><span class=\"wpcf7-list-item first\"><label><input type=\"radio\" name=\"modalidad\" value=\"En l\u00ednea\" checked=\"checked\" \/><span class=\"wpcf7-list-item-label\">En l\u00ednea<\/span><\/label><\/span><span class=\"wpcf7-list-item\"><label><input type=\"radio\" name=\"modalidad\" value=\"Presencial (a domicilio)\" \/><span class=\"wpcf7-list-item-label\">Presencial (a domicilio)<\/span><\/label><\/span><span class=\"wpcf7-list-item last\"><label><input type=\"radio\" name=\"modalidad\" value=\"Presencial (en oficina)\" \/><span class=\"wpcf7-list-item-label\">Presencial (en oficina)<\/span><\/label><\/span><\/span><\/span>\n<\/p>\n<p>2.- \u00bfDeseas empezar desde Cero o dar Prueba de ubicacion<br \/>\n<span class=\"wpcf7-form-control-wrap\" data-name=\"ubicacion\"><select class=\"wpcf7-form-control wpcf7-select wpcf7-validates-as-required\" aria-required=\"true\" aria-invalid=\"false\" name=\"ubicacion\"><option value=\"\">&#8212;Please choose an option&#8212;<\/option><option value=\"Empezar desde Cero - Iras a nivel Principiante I\">Empezar desde Cero - Iras a nivel Principiante I<\/option><option value=\"Quiero dar una Prueba de ubicaci\u00f3n\">Quiero dar una Prueba de ubicaci\u00f3n<\/option><\/select><\/span>\n<\/p>\n<p>3.- \u00bfCu\u00e1ntas horas quisieras contratar?<br \/>\n<span class=\"wpcf7-form-control-wrap\" data-name=\"horas\"><select class=\"wpcf7-form-control wpcf7-select wpcf7-validates-as-required\" aria-required=\"true\" aria-invalid=\"false\" name=\"horas\"><option value=\"\">&#8212;Please choose an option&#8212;<\/option><option value=\"40 horas acad\u00e9micas (clases personalizadas one-to-one)\">40 horas acad\u00e9micas (clases personalizadas one-to-one)<\/option><option value=\"80 horas academicas (1 nivel, grupo hasta 10 estudiantes)\">80 horas academicas (1 nivel, grupo hasta 10 estudiantes)<\/option><option value=\"Horas acorde a la nivelaci\u00f3n\/temarios\">Horas acorde a la nivelaci\u00f3n\/temarios<\/option><\/select><\/span>\n<\/p>\n<p>4.- \u00bfPara cu\u00e1ntos alumnos es el curso?<br \/>\n<span class=\"wpcf7-form-control-wrap\" data-name=\"number-363\"><input class=\"wpcf7-form-control wpcf7-number wpcf7-validates-as-required wpcf7-validates-as-number\" min=\"1\" max=\"20\" aria-required=\"true\" aria-invalid=\"false\" value=\"\" type=\"number\" name=\"number-363\" \/><\/span>\n<\/p>\n<p>5.- \u00bfEn qu\u00e9 horario deseas estudiar?<br \/>\n<span class=\"wpcf7-form-control-wrap\" data-name=\"jornada\"><span class=\"wpcf7-form-control wpcf7-radio\"><span class=\"wpcf7-list-item first\"><input type=\"radio\" name=\"jornada\" value=\"7:30 - 9:00 a.m.\" checked=\"checked\" \/><span class=\"wpcf7-list-item-label\">7:30 - 9:00 a.m.<\/span><\/span><span class=\"wpcf7-list-item\"><input type=\"radio\" name=\"jornada\" value=\"6:00 - 7:30 p.m.\" \/><span class=\"wpcf7-list-item-label\">6:00 - 7:30 p.m.<\/span><\/span><span class=\"wpcf7-list-item\"><input type=\"radio\" name=\"jornada\" value=\"9:30 - 11:00 p.m.\" \/><span class=\"wpcf7-list-item-label\">9:30 - 11:00 p.m.<\/span><\/span><span class=\"wpcf7-list-item\"><input type=\"radio\" name=\"jornada\" value=\"3:00 - 5:00 PM (s\u00f3lo viernes)\" \/><span class=\"wpcf7-list-item-label\">3:00 - 5:00 PM (s\u00f3lo viernes)<\/span><\/span><span class=\"wpcf7-list-item\"><input type=\"radio\" name=\"jornada\" value=\"9:00 - 12:00 (s\u00f3lo s\u00e1bados)\" \/><span class=\"wpcf7-list-item-label\">9:00 - 12:00 (s\u00f3lo s\u00e1bados)<\/span><\/span><span class=\"wpcf7-list-item last\"><input type=\"radio\" name=\"jornada\" value=\"Otro:especif\u00edque\" \/><span class=\"wpcf7-list-item-label\">Otro:especif\u00edque<\/span><\/span><\/span><\/span>\n<\/p>\n<p>6.- \u00bfCu\u00e1l es tu disponibilidad para estudiar?<br \/>\n<span class=\"wpcf7-form-control-wrap\" data-name=\"Dias\"><span class=\"wpcf7-form-control wpcf7-checkbox wpcf7-validates-as-required\"><span class=\"wpcf7-list-item first\"><input type=\"checkbox\" name=\"Dias[]\" value=\"Lunes\" \/><span class=\"wpcf7-list-item-label\">Lunes<\/span><\/span><span class=\"wpcf7-list-item\"><input type=\"checkbox\" name=\"Dias[]\" value=\"Martes\" \/><span class=\"wpcf7-list-item-label\">Martes<\/span><\/span><span class=\"wpcf7-list-item\"><input type=\"checkbox\" name=\"Dias[]\" value=\"Mi\u00e9rcoles\" \/><span class=\"wpcf7-list-item-label\">Mi\u00e9rcoles<\/span><\/span><span class=\"wpcf7-list-item\"><input type=\"checkbox\" name=\"Dias[]\" value=\"Jueves\" \/><span class=\"wpcf7-list-item-label\">Jueves<\/span><\/span><span class=\"wpcf7-list-item\"><input type=\"checkbox\" name=\"Dias[]\" value=\"Viernes\" \/><span class=\"wpcf7-list-item-label\">Viernes<\/span><\/span><span class=\"wpcf7-list-item last\"><input type=\"checkbox\" name=\"Dias[]\" value=\"S\u00f3lo s\u00e1bados\" \/><span class=\"wpcf7-list-item-label\">S\u00f3lo s\u00e1bados<\/span><\/span><\/span><\/span>\n<\/p>\n<p>7.- \u00bfCu\u00e1ndo te gustar\u00eda empezar? (elija una opci\u00f3n)<br \/>\n<span class=\"wpcf7-form-control-wrap\" data-name=\"date-279\"><input class=\"wpcf7-form-control wpcf7-date wpcf7-validates-as-required wpcf7-validates-as-date\" aria-required=\"true\" aria-invalid=\"false\" value=\"\" type=\"date\" name=\"date-279\" \/><\/span>\n<\/p>\n<p>8.- \u00bfEn que ciudad\/pa\u00eds te encuentras?<br \/>\n<span class=\"wpcf7-form-control-wrap\" data-name=\"text-44\"><input size=\"40\" maxlength=\"400\" class=\"wpcf7-form-control wpcf7-text wpcf7-validates-as-required\" aria-required=\"true\" aria-invalid=\"false\" value=\"\" type=\"text\" name=\"text-44\" \/><\/span>\n<\/p>\n<p>9.- Escribe tu nombre completo:<br \/>\n<span class=\"wpcf7-form-control-wrap\" data-name=\"your-name\"><input size=\"40\" maxlength=\"400\" class=\"wpcf7-form-control wpcf7-text wpcf7-validates-as-required\" aria-required=\"true\" aria-invalid=\"false\" value=\"\" type=\"text\" name=\"your-name\" \/><\/span>\n<\/p>\n<p>10.- Tu Correo electr\u00f3nico:<br \/>\n<span class=\"wpcf7-form-control-wrap\" data-name=\"your-email\"><input size=\"40\" maxlength=\"400\" class=\"wpcf7-form-control wpcf7-email wpcf7-validates-as-required wpcf7-text wpcf7-validates-as-email\" aria-required=\"true\" aria-invalid=\"false\" value=\"\" type=\"email\" name=\"your-email\" \/><\/span>\n<\/p>\n<p>11.- Nombre de la empresa\/escuela\/colegio\/universidad (Opcional):<br \/>\n<span class=\"wpcf7-form-control-wrap\" data-name=\"nombreempresa\"><input size=\"40\" maxlength=\"400\" class=\"wpcf7-form-control wpcf7-text\" aria-invalid=\"false\" value=\"\" type=\"text\" name=\"nombreempresa\" \/><\/span>\n<\/p>\n<p>12.- Celular:<br \/>\n<span class=\"wpcf7-form-control-wrap\" data-name=\"celular\"><input size=\"40\" maxlength=\"400\" class=\"wpcf7-form-control wpcf7-text wpcf7-validates-as-required\" aria-required=\"true\" aria-invalid=\"false\" value=\"\" type=\"text\" name=\"celular\" \/><\/span>\n<\/p>\n<p>13.- Informaci\u00f3n adicional: (si el estudiante es ni\u00f1o, especifique los nombres de ambos (representante\/hij@)<br \/>\n<span class=\"wpcf7-form-control-wrap\" data-name=\"informacionadicional\"><textarea cols=\"40\" rows=\"10\" maxlength=\"2000\" class=\"wpcf7-form-control wpcf7-textarea\" aria-invalid=\"false\" name=\"informacionadicional\"><\/textarea><\/span>\n<\/p>\n<p><input class=\"wpcf7-form-control wpcf7-submit has-spinner\" type=\"submit\" value=\"Solicitar cotizaci\u00f3n\" \/>\n<\/p>\n<div class=\"wpcf7-response-output\" aria-hidden=\"true\"><\/div>\n<\/form>\n<\/div>\n<\/div>\n\t\t\t\t\t\t<\/div>\n\t\t\t\t<\/div>\n\t\t\t\t\t<\/div>\n\t\t<\/div>\n\t\t\t\t\t<\/div>\n\t\t<\/section>\n\t\t\t\t<\/div>\n\t\t","protected":false},"excerpt":{"rendered":"","protected":false},"author":1,"featured_media":0,"parent":0,"menu_order":0,"comment_status":"closed","ping_status":"closed","template":"","meta":{"om_disable_all_campaigns":false,"_monsterinsights_skip_tracking":false,"_monsterinsights_sitenote_active":false,"_monsterinsights_sitenote_note":"","_monsterinsights_sitenote_category":0,"footnotes":""},"class_list":["post-4887","page","type-page","status-publish","hentry"],"aioseo_notices":[],"_links":{"self":[{"href":"https:\/\/www.keylanguageservices.com\/es\/wp-json\/wp\/v2\/pages\/4887","targetHints":{"allow":["GET"]}}],"collection":[{"href":"https:\/\/www.keylanguageservices.com\/es\/wp-json\/wp\/v2\/pages"}],"about":[{"href":"https:\/\/www.keylanguageservices.com\/es\/wp-json\/wp\/v2\/types\/page"}],"author":[{"embeddable":true,"href":"https:\/\/www.keylanguageservices.com\/es\/wp-json\/wp\/v2\/users\/1"}],"replies":[{"embeddable":true,"href":"https:\/\/www.keylanguageservices.com\/es\/wp-json\/wp\/v2\/comments?post=4887"}],"version-history":[{"count":8,"href":"https:\/\/www.keylanguageservices.com\/es\/wp-json\/wp\/v2\/pages\/4887\/revisions"}],"predecessor-version":[{"id":10938,"href":"https:\/\/www.keylanguageservices.com\/es\/wp-json\/wp\/v2\/pages\/4887\/revisions\/10938"}],"wp:attachment":[{"href":"https:\/\/www.keylanguageservices.com\/es\/wp-json\/wp\/v2\/media?parent=4887"}],"curies":[{"name":"wp","href":"https:\/\/api.w.org\/{rel}","templated":true}]}}